{"id":1275,"date":"2017-03-02T20:12:17","date_gmt":"2017-03-02T19:12:17","guid":{"rendered":"http:\/\/homepage-hund.de\/blog\/?page_id=1275"},"modified":"2025-06-21T12:02:02","modified_gmt":"2025-06-21T10:02:02","slug":"hundeblog","status":"publish","type":"page","link":"https:\/\/homepage-hund.de\/blog\/","title":{"rendered":"HUNDEBLOG \u00f3\u00d4\u00d4\u00f2 \u0295\u00b7\u0361\u1d25\u00b7\u0294 \u00f3\u00d4\u00d4\u00f2"},"content":{"rendered":"<figure class=\"wp-block-image size-full\"><a href=\"https:\/\/homepage-hund.de\/blog\/topics\/blogartikel\/\"><img loading=\"lazy\" decoding=\"async\" width=\"900\" height=\"639\" src=\"https:\/\/homepage-hund.de\/blog\/wp-content\/uploads\/2022\/10\/Hundeblog_Tuer.png\" alt=\"Lustiger Hundeblog - Hundefotos - Hundebilder mit Spruch kostenlos - Hundewitze\" class=\"wp-image-6415\" srcset=\"https:\/\/homepage-hund.de\/blog\/wp-content\/uploads\/2022\/10\/Hundeblog_Tuer.png 900w, https:\/\/homepage-hund.de\/blog\/wp-content\/uploads\/2022\/10\/Hundeblog_Tuer-300x213.png 300w, https:\/\/homepage-hund.de\/blog\/wp-content\/uploads\/2022\/10\/Hundeblog_Tuer-768x545.png 768w\" sizes=\"auto, (max-width: 900px) 100vw, 900px\" \/><\/a><\/figure>\n\n\n\n<p>Hallo, ich bin das Dorchen (Dorothea) und arbeite hauptberuflich als Sicherheitsbeauftragte und B\u00fcrohund. Geb\u00fcrtig komme ich aus Portugal, aber ich wollte mich beruflich neu orientieren, da ich als Stra\u00dfenhund nicht gut verdiente und kam mit der Hundehilfe Portugal nach Deutschland.<\/p>\n\n\n\n<div style=\"height:49px\" aria-hidden=\"true\" class=\"wp-block-spacer\"><\/div>\n\n\n\n<hr class=\"wp-block-separator has-text-color has-white-color has-css-opacity has-white-background-color has-background is-style-wide\"\/>\n\n\n\n<p><\/p>\n\n\n<div class=\"pt-cv-wrapper\"><div class=\"pt-cv-view pt-cv-grid pt-cv-colsys\" id=\"pt-cv-view-80f6fc98nj\"><div data-id=\"pt-cv-page-1\" class=\"pt-cv-page\" data-cvc=\"2\"><div class=\"col-md-6 col-sm-6 col-xs-12 pt-cv-content-item pt-cv-1-col\" ><div class='pt-cv-ifield'><h2 class=\"pt-cv-title\"><a href=\"https:\/\/homepage-hund.de\/blog\/kopfarbeit-nasenarbeit\/\" class=\"_self\" target=\"_self\" >Kopfarbeit &#038; Nasenarbeit<\/a><\/h2>\n<div class=\"pt-cv-content\">Frauchen macht mit mir Kopfarbeit, ...<br \/><div class=\"pt-cv-rmwrap\"><a href=\"https:\/\/homepage-hund.de\/blog\/kopfarbeit-nasenarbeit\/\" class=\"_self pt-cv-readmore btn btn-success\" target=\"_self\">Weiterlesen \u2026<\/a><\/div><\/div><\/div><\/div>\n<div class=\"col-md-6 col-sm-6 col-xs-12 pt-cv-content-item pt-cv-1-col\" ><div class='pt-cv-ifield'><h2 class=\"pt-cv-title\"><a href=\"https:\/\/homepage-hund.de\/blog\/em-effektive-mikroorganismen\/\" class=\"_self\" target=\"_self\" >EM &#8211; Effektive Mikroorganismen<\/a><\/h2>\n<div class=\"pt-cv-content\">Seit Jahren, nachdem ich den ...<br \/><div class=\"pt-cv-rmwrap\"><a href=\"https:\/\/homepage-hund.de\/blog\/em-effektive-mikroorganismen\/\" class=\"_self pt-cv-readmore btn btn-success\" target=\"_self\">Weiterlesen \u2026<\/a><\/div><\/div><\/div><\/div><\/div><\/div><\/div>\n\n\n\n<div style=\"height:53px\" aria-hidden=\"true\" class=\"wp-block-spacer\"><\/div>\n\n\n\n<hr class=\"wp-block-separator has-text-color has-white-color has-css-opacity has-white-background-color has-background is-style-default\"\/>\n\n\n<div class=\"pt-cv-wrapper\"><div class=\"pt-cv-view pt-cv-scrollable pt-cv-colsys\" id=\"pt-cv-view-e98d5e6zck\"><div data-id=\"pt-cv-page-1\" class=\"pt-cv-page\" data-cvc=\"1\"><div id=\"fa6eb00cg6\" class=\"pt-cv-carousel pt-cv-slide\" data-ride=\"cvcarousel\" data-interval=false><ol class=\"pt-cv-carousel-indicators\"><li data-target=\"#fa6eb00cg6\" data-cvslide-to=\"0\" class=\"active\"><\/li>\n<li data-target=\"#fa6eb00cg6\" data-cvslide-to=\"1\" class=\"\"><\/li>\n<li data-target=\"#fa6eb00cg6\" data-cvslide-to=\"2\" class=\"\"><\/li><\/ol>\n<div class=\"carousel-inner\"><div class=\"item active\"><div class=\"row\"><div class=\"col-md-12 pt-cv-content-item pt-cv-1-col\" ><div class=\"pt-cv-carousel-caption pt-cv-cap-wo-img\"><h4 class=\"pt-cv-title\"><a href=\"https:\/\/homepage-hund.de\/blog\/doppelte-sicherung\/\" class=\"_self\" target=\"_self\" >Doppelte Sicherung<\/a><\/h4>\n<div class=\"pt-cv-content\">Da ich ein Angsthund aus dem Tierschutz bin, achtet Frauchen immer auf die richtige Sicherung. Im Alltag, wir wohnen l\u00e4ndlich, ...<br \/><div class=\"pt-cv-rmwrap\"><a href=\"https:\/\/homepage-hund.de\/blog\/doppelte-sicherung\/\" class=\"_self pt-cv-readmore btn btn-success\" target=\"_self\">mehr \u2026<\/a><\/div><\/div><\/div><\/div><\/div><\/div>\n<div class=\"item\"><div class=\"row\"><div class=\"col-md-12 pt-cv-content-item pt-cv-1-col\" ><div class=\"pt-cv-carousel-caption pt-cv-cap-wo-img\"><h4 class=\"pt-cv-title\"><a href=\"https:\/\/homepage-hund.de\/blog\/wandern-im-wohratal\/\" class=\"_self\" target=\"_self\" >Wandern im Wohratal<\/a><\/h4>\n<div class=\"pt-cv-content\">Kalli und ich finden es toll im Wohratal, hier gibt es so viele sch\u00f6ne Wanderwege. Kalli kommt geb\u00fcrtig aus Bukarest, ...<br \/><div class=\"pt-cv-rmwrap\"><a href=\"https:\/\/homepage-hund.de\/blog\/wandern-im-wohratal\/\" class=\"_self pt-cv-readmore btn btn-success\" target=\"_self\">mehr \u2026<\/a><\/div><\/div><\/div><\/div><\/div><\/div>\n<div class=\"item\"><div class=\"row\"><div class=\"col-md-12 pt-cv-content-item pt-cv-1-col\" ><div class=\"pt-cv-carousel-caption pt-cv-cap-wo-img\"><h4 class=\"pt-cv-title\"><a href=\"https:\/\/homepage-hund.de\/blog\/training-in-der-hundeschule\/\" class=\"_self\" target=\"_self\" >Training in der Hundeschule<\/a><\/h4>\n<div class=\"pt-cv-content\">Ich war bei unserem letzten Termin im Hundeschulkurs Mensch-Hund-Team. Das hat Spa\u00df gemacht und Frauchen hat wieder viel gelernt. Ich ...<br \/><div class=\"pt-cv-rmwrap\"><a href=\"https:\/\/homepage-hund.de\/blog\/training-in-der-hundeschule\/\" class=\"_self pt-cv-readmore btn btn-success\" target=\"_self\">mehr \u2026<\/a><\/div><\/div><\/div><\/div><\/div><\/div><\/div>\n<a class=\"left carousel-control\" data-target=\"#fa6eb00cg6\" data-cvslide=\"prev\">\r\n\t\t\t\t\t\t<span class=\"glyphicon glyphicon-chevron-left\"><\/span>\r\n\t\t\t\t\t<\/a>\r\n\t\t\t\t\t<a class=\"right carousel-control\" data-target=\"#fa6eb00cg6\" data-cvslide=\"next\">\r\n\t\t\t\t\t\t<span class=\"glyphicon glyphicon-chevron-right\"><\/span>\r\n\t\t\t\t\t<\/a><\/div><\/div><\/div><\/div>\n\n\n\n<div style=\"height:60px\" aria-hidden=\"true\" class=\"wp-block-spacer\"><\/div>\n<div class=\"shariff shariff-align-flex-start shariff-widget-align-center\" data-services=\"facebook%7Cpinterest%7Creddit\" data-url=\"https%3A%2F%2Fhomepage-hund.de%2Fblog%2F\" data-timestamp=\"1750507322\" data-backendurl=\"https:\/\/homepage-hund.de\/blog\/wp-json\/shariff\/v1\/share_counts?\"><ul class=\"shariff-buttons theme-round orientation-horizontal buttonsize-large\"><li class=\"shariff-button facebook\" style=\"background-color:#FF9900\"><a href=\"https:\/\/www.facebook.com\/sharer\/sharer.php?u=https%3A%2F%2Fhomepage-hund.de%2Fblog%2F\" title=\"Bei Facebook teilen\" aria-label=\"Bei Facebook teilen\" role=\"button\" rel=\"nofollow\" class=\"shariff-link\" style=\"; background-color:#6666FF; color:#fff\" target=\"_blank\"><span class=\"shariff-icon\" style=\"\"><svg width=\"32px\" height=\"20px\" xmlns=\"http:\/\/www.w3.org\/2000\/svg\" viewBox=\"0 0 18 32\"><path fill=\"#3b5998\" d=\"M17.1 0.2v4.7h-2.8q-1.5 0-2.1 0.6t-0.5 1.9v3.4h5.2l-0.7 5.3h-4.5v13.6h-5.5v-13.6h-4.5v-5.3h4.5v-3.9q0-3.3 1.9-5.2t5-1.8q2.6 0 4.1 0.2z\"\/><\/svg><\/span><\/a><\/li><li class=\"shariff-button twitter\" style=\"background-color:#FF9900\"><a href=\"https:\/\/twitter.com\/share?url=https%3A%2F%2Fhomepage-hund.de%2Fblog%2F&text=HUNDEBLOG%20%C3%B3%C3%94%C3%94%C3%B2%20%CA%95%C2%B7%CD%A1%E1%B4%A5%C2%B7%CA%94%20%C3%B3%C3%94%C3%94%C3%B2&via=Security_Hund\" title=\"Bei X teilen\" aria-label=\"Bei X teilen\" role=\"button\" rel=\"noopener nofollow\" class=\"shariff-link\" style=\"; background-color:#6666FF; color:#fff\" target=\"_blank\"><span class=\"shariff-icon\" style=\"\"><svg width=\"32px\" height=\"20px\" xmlns=\"http:\/\/www.w3.org\/2000\/svg\" viewBox=\"0 0 24 24\"><path fill=\"#000\" d=\"M14.258 10.152L23.176 0h-2.113l-7.747 8.813L7.133 0H0l9.352 13.328L0 23.973h2.113l8.176-9.309 6.531 9.309h7.133zm-2.895 3.293l-.949-1.328L2.875 1.56h3.246l6.086 8.523.945 1.328 7.91 11.078h-3.246zm0 0\"\/><\/svg><\/span><\/a><\/li><li class=\"shariff-button pinterest\" style=\"background-color:#FF9900\"><a href=\"https:\/\/www.pinterest.com\/pin\/create\/link\/?url=https%3A%2F%2Fhomepage-hund.de%2Fblog%2F&media=https%3A%2F%2Fhomepage-hund.de%2Fblog%2Fwp-content%2Fuploads%2F2022%2F10%2FHundeblog_Tuer.png&description=HUNDEBLOG%20%C3%B3%C3%94%C3%94%C3%B2%20%CA%95%C2%B7%CD%A1%E1%B4%A5%C2%B7%CA%94%20%C3%B3%C3%94%C3%94%C3%B2\" title=\"Bei Pinterest pinnen\" aria-label=\"Bei Pinterest pinnen\" role=\"button\" rel=\"noopener nofollow\" class=\"shariff-link\" style=\"; background-color:#6666FF; color:#fff\" target=\"_blank\"><span class=\"shariff-icon\" style=\"\"><svg width=\"32px\" height=\"20px\" xmlns=\"http:\/\/www.w3.org\/2000\/svg\" viewBox=\"0 0 27 32\"><path fill=\"#cb2027\" d=\"M27.4 16q0 3.7-1.8 6.9t-5 5-6.9 1.9q-2 0-3.9-0.6 1.1-1.7 1.4-2.9 0.2-0.6 1-3.8 0.4 0.7 1.3 1.2t2 0.5q2.1 0 3.8-1.2t2.7-3.4 0.9-4.8q0-2-1.1-3.8t-3.1-2.9-4.5-1.2q-1.9 0-3.5 0.5t-2.8 1.4-2 2-1.2 2.3-0.4 2.4q0 1.9 0.7 3.3t2.1 2q0.5 0.2 0.7-0.4 0-0.1 0.1-0.5t0.2-0.5q0.1-0.4-0.2-0.8-0.9-1.1-0.9-2.7 0-2.7 1.9-4.6t4.9-2q2.7 0 4.2 1.5t1.5 3.8q0 3-1.2 5.2t-3.1 2.1q-1.1 0-1.7-0.8t-0.4-1.9q0.1-0.6 0.5-1.7t0.5-1.8 0.2-1.4q0-0.9-0.5-1.5t-1.4-0.6q-1.1 0-1.9 1t-0.8 2.6q0 1.3 0.4 2.2l-1.8 7.5q-0.3 1.2-0.2 3.2-3.7-1.6-6-5t-2.3-7.6q0-3.7 1.9-6.9t5-5 6.9-1.9 6.9 1.9 5 5 1.8 6.9z\"\/><\/svg><\/span><\/a><\/li><li class=\"shariff-button reddit\" style=\"background-color:#FF9900\"><a href=\"https:\/\/www.reddit.com\/submit?url=https%3A%2F%2Fhomepage-hund.de%2Fblog%2F\" title=\"Bei Reddit teilen\" aria-label=\"Bei Reddit teilen\" role=\"button\" rel=\"noopener nofollow\" class=\"shariff-link\" style=\"; background-color:#6666FF; color:#fff\" target=\"_blank\"><span class=\"shariff-icon\" style=\"\"><svg xmlns=\"http:\/\/www.w3.org\/2000\/svg\" viewBox=\"0 0 512 512\"><path fill=\"#ff4500\" d=\"M440.3 203.5c-15 0-28.2 6.2-37.9 15.9-35.7-24.7-83.8-40.6-137.1-42.3L293 52.3l88.2 19.8c0 21.6 17.6 39.2 39.2 39.2 22 0 39.7-18.1 39.7-39.7s-17.6-39.7-39.7-39.7c-15.4 0-28.7 9.3-35.3 22l-97.4-21.6c-4.9-1.3-9.7 2.2-11 7.1L246.3 177c-52.9 2.2-100.5 18.1-136.3 42.8-9.7-10.1-23.4-16.3-38.4-16.3-55.6 0-73.8 74.6-22.9 100.1-1.8 7.9-2.6 16.3-2.6 24.7 0 83.8 94.4 151.7 210.3 151.7 116.4 0 210.8-67.9 210.8-151.7 0-8.4-.9-17.2-3.1-25.1 49.9-25.6 31.5-99.7-23.8-99.7zM129.4 308.9c0-22 17.6-39.7 39.7-39.7 21.6 0 39.2 17.6 39.2 39.7 0 21.6-17.6 39.2-39.2 39.2-22 .1-39.7-17.6-39.7-39.2zm214.3 93.5c-36.4 36.4-139.1 36.4-175.5 0-4-3.5-4-9.7 0-13.7 3.5-3.5 9.7-3.5 13.2 0 27.8 28.5 120 29 149 0 3.5-3.5 9.7-3.5 13.2 0 4.1 4 4.1 10.2.1 13.7zm-.8-54.2c-21.6 0-39.2-17.6-39.2-39.2 0-22 17.6-39.7 39.2-39.7 22 0 39.7 17.6 39.7 39.7-.1 21.5-17.7 39.2-39.7 39.2z\"\/><\/svg><\/span><\/a><\/li><li class=\"shariff-button telegram\" style=\"background-color:#FF9900\"><a href=\"https:\/\/telegram.me\/share\/url?url=https%3A%2F%2Fhomepage-hund.de%2Fblog%2F&text=HUNDEBLOG%20%C3%B3%C3%94%C3%94%C3%B2%20%CA%95%C2%B7%CD%A1%E1%B4%A5%C2%B7%CA%94%20%C3%B3%C3%94%C3%94%C3%B2\" title=\"Bei Telegram teilen\" aria-label=\"Bei Telegram teilen\" role=\"button\" rel=\"noopener nofollow\" class=\"shariff-link\" style=\"; background-color:#6666FF; color:#fff\" target=\"_blank\"><span class=\"shariff-icon\" style=\"\"><svg width=\"32px\" height=\"20px\" xmlns=\"http:\/\/www.w3.org\/2000\/svg\" viewBox=\"0 0 32 32\"><path fill=\"#0088cc\" d=\"M30.8 6.5l-4.5 21.4c-.3 1.5-1.2 1.9-2.5 1.2L16.9 24l-3.3 3.2c-.4.4-.7.7-1.4.7l.5-7L25.5 9.2c.6-.5-.1-.8-.9-.3l-15.8 10L2 16.7c-1.5-.5-1.5-1.5.3-2.2L28.9 4.3c1.3-.5 2.3.3 1.9 2.2z\"\/><\/svg><\/span><\/a><\/li><li class=\"shariff-button whatsapp\" style=\"background-color:#FF9900\"><a href=\"https:\/\/api.whatsapp.com\/send?text=https%3A%2F%2Fhomepage-hund.de%2Fblog%2F%20HUNDEBLOG%20%C3%B3%C3%94%C3%94%C3%B2%20%CA%95%C2%B7%CD%A1%E1%B4%A5%C2%B7%CA%94%20%C3%B3%C3%94%C3%94%C3%B2\" title=\"Bei Whatsapp teilen\" aria-label=\"Bei Whatsapp teilen\" role=\"button\" rel=\"noopener nofollow\" class=\"shariff-link\" style=\"; background-color:#6666FF; color:#fff\" target=\"_blank\"><span class=\"shariff-icon\" style=\"\"><svg width=\"32px\" height=\"20px\" xmlns=\"http:\/\/www.w3.org\/2000\/svg\" viewBox=\"0 0 32 32\"><path fill=\"#34af23\" d=\"M17.6 17.4q0.2 0 1.7 0.8t1.6 0.9q0 0.1 0 0.3 0 0.6-0.3 1.4-0.3 0.7-1.3 1.2t-1.8 0.5q-1 0-3.4-1.1-1.7-0.8-3-2.1t-2.6-3.3q-1.3-1.9-1.3-3.5v-0.1q0.1-1.6 1.3-2.8 0.4-0.4 0.9-0.4 0.1 0 0.3 0t0.3 0q0.3 0 0.5 0.1t0.3 0.5q0.1 0.4 0.6 1.6t0.4 1.3q0 0.4-0.6 1t-0.6 0.8q0 0.1 0.1 0.3 0.6 1.3 1.8 2.4 1 0.9 2.7 1.8 0.2 0.1 0.4 0.1 0.3 0 1-0.9t0.9-0.9zM14 26.9q2.3 0 4.3-0.9t3.6-2.4 2.4-3.6 0.9-4.3-0.9-4.3-2.4-3.6-3.6-2.4-4.3-0.9-4.3 0.9-3.6 2.4-2.4 3.6-0.9 4.3q0 3.6 2.1 6.6l-1.4 4.2 4.3-1.4q2.8 1.9 6.2 1.9zM14 2.2q2.7 0 5.2 1.1t4.3 2.9 2.9 4.3 1.1 5.2-1.1 5.2-2.9 4.3-4.3 2.9-5.2 1.1q-3.5 0-6.5-1.7l-7.4 2.4 2.4-7.2q-1.9-3.2-1.9-6.9 0-2.7 1.1-5.2t2.9-4.3 4.3-2.9 5.2-1.1z\"\/><\/svg><\/span><\/a><\/li><li class=\"shariff-button mailto\" style=\"background-color:#FF9900\"><a href=\"mailto:?body=https%3A%2F%2Fhomepage-hund.de%2Fblog%2F&subject=HUNDEBLOG%20%C3%B3%C3%94%C3%94%C3%B2%20%CA%95%C2%B7%CD%A1%E1%B4%A5%C2%B7%CA%94%20%C3%B3%C3%94%C3%94%C3%B2\" title=\"Per E-Mail versenden\" aria-label=\"Per E-Mail versenden\" role=\"button\" rel=\"noopener nofollow\" class=\"shariff-link\" style=\"; background-color:#6666FF; color:#fff\"><span class=\"shariff-icon\" style=\"\"><svg width=\"32px\" height=\"20px\" xmlns=\"http:\/\/www.w3.org\/2000\/svg\" viewBox=\"0 0 32 32\"><path fill=\"#999\" d=\"M32 12.7v14.2q0 1.2-0.8 2t-2 0.9h-26.3q-1.2 0-2-0.9t-0.8-2v-14.2q0.8 0.9 1.8 1.6 6.5 4.4 8.9 6.1 1 0.8 1.6 1.2t1.7 0.9 2 0.4h0.1q0.9 0 2-0.4t1.7-0.9 1.6-1.2q3-2.2 8.9-6.1 1-0.7 1.8-1.6zM32 7.4q0 1.4-0.9 2.7t-2.2 2.2q-6.7 4.7-8.4 5.8-0.2 0.1-0.7 0.5t-1 0.7-0.9 0.6-1.1 0.5-0.9 0.2h-0.1q-0.4 0-0.9-0.2t-1.1-0.5-0.9-0.6-1-0.7-0.7-0.5q-1.6-1.1-4.7-3.2t-3.6-2.6q-1.1-0.7-2.1-2t-1-2.5q0-1.4 0.7-2.3t2.1-0.9h26.3q1.2 0 2 0.8t0.9 2z\"\/><\/svg><\/span><\/a><\/li><li class=\"shariff-button sms shariff-mobile\" style=\"background-color:#FF9900\"><a href=\"sms:?&body=https%3A%2F%2Fhomepage-hund.de%2Fblog%2F\" title=\"Per SMS teilen\" aria-label=\"Per SMS teilen\" role=\"button\" rel=\"noopener nofollow\" class=\"shariff-link\" style=\"; background-color:#6666FF; color:#fff\" target=\"_blank\"><span class=\"shariff-icon\" style=\"\"><svg xmlns=\"http:\/\/www.w3.org\/2000\/svg\" width=\"510\" height=\"510\" viewBox=\"0 0 510 510\"><path fill=\"#a1e877\" d=\"M459 0H51C23 0 0 23 0 51v459l102-102h357c28.1 0 51-22.9 51-51V51C510 23 487.1 0 459 0zM178.5 229.5h-51v-51h51V229.5zM280.5 229.5h-51v-51h51V229.5zM382.5 229.5h-51v-51h51V229.5z\"\/><\/svg><\/span><\/a><\/li><\/ul><\/div>","protected":false},"excerpt":{"rendered":"<p>B\u00fcrohunde vom TANTE PUH\u00ae Onlineservice. Das nennt man heutzutage nicht mehr Wachhund, sondern B\u00fcrohund und Sicherheitsbeauftragte. Hundeblog &#8211; Hundefotos &#8211; Hundewitze &#8211; Hundespr\u00fcche mit Bild<\/p>\n","protected":false},"author":1,"featured_media":0,"parent":0,"menu_order":0,"comment_status":"closed","ping_status":"closed","template":"","meta":{"ngg_post_thumbnail":0,"footnotes":"","_links_to":"","_links_to_target":""},"class_list":["post-1275","page","type-page","status-publish","hentry"],"_links":{"self":[{"href":"https:\/\/homepage-hund.de\/blog\/wp-json\/wp\/v2\/pages\/1275","targetHints":{"allow":["GET"]}}],"collection":[{"href":"https:\/\/homepage-hund.de\/blog\/wp-json\/wp\/v2\/pages"}],"about":[{"href":"https:\/\/homepage-hund.de\/blog\/wp-json\/wp\/v2\/types\/page"}],"author":[{"embeddable":true,"href":"https:\/\/homepage-hund.de\/blog\/wp-json\/wp\/v2\/users\/1"}],"replies":[{"embeddable":true,"href":"https:\/\/homepage-hund.de\/blog\/wp-json\/wp\/v2\/comments?post=1275"}],"version-history":[{"count":4,"href":"https:\/\/homepage-hund.de\/blog\/wp-json\/wp\/v2\/pages\/1275\/revisions"}],"predecessor-version":[{"id":7185,"href":"https:\/\/homepage-hund.de\/blog\/wp-json\/wp\/v2\/pages\/1275\/revisions\/7185"}],"wp:attachment":[{"href":"https:\/\/homepage-hund.de\/blog\/wp-json\/wp\/v2\/media?parent=1275"}],"curies":[{"name":"wp","href":"https:\/\/api.w.org\/{rel}","templated":true}]}}