{"id":305,"date":"2011-10-30T21:52:21","date_gmt":"2011-10-30T19:52:21","guid":{"rendered":"http:\/\/homepage-hund.de\/blog\/?page_id=305"},"modified":"2022-10-22T09:44:47","modified_gmt":"2022-10-22T07:44:47","slug":"hundewitze","status":"publish","type":"page","link":"https:\/\/homepage-hund.de\/blog\/hundewitze\/","title":{"rendered":"Hundewitze"},"content":{"rendered":"<p>1.<br \/>\nDu, Mama, schmeckt Dir das Bonbon?&#8220; Danke mein Schatz, das schmeckt mir sehr gut.&#8220;<br \/>\n&#8222;Das ist aber komisch, der Hund hat es immer wieder ausgespuckt.&#8220;<\/p>\n<p>2.<br \/>\nAuf dem Spielplatz, fragt eine Mutter einen Mann mit Hund: &#8222;Mag Ihr Hund auch kleine Kinder?&#8220;<br \/>\nAntwortet dieser: &#8222;Ja sicher! Aber ich gebe ihm trotzdem nur Fleisch vom Metzger.&#8220;<\/p>\n<p>3.<br \/>\nDas Telefon&nbsp; klingelt. Der Hund nimmt den H\u00f6rer ab und sagt: &#8222;WAU!WAU!&#8220;.<br \/>\nDer Anrufer: &#8222;Wie bitte!?&#8220;.<br \/>\nDer Hund: &#8222;WAU!WAU!&#8220;.<br \/>\nDer Anrufer: &#8222;WIE BITTE!?&#8220;<br \/>\nDer Hund: &#8222;WILHELM-ANTON-ULRICH! WILHELM-ANTON-ULRICH!&#8220;<\/p>\n<p>4.<br \/>\nIm Zugabteil. Aus einem Rucksack tropft es. Ein Reisender probiert mit einem Finger.<br \/>\n&#8222;Alter Whisky?&#8220;, fragt er die Besitzerin. &#8222;Nein, junger Dackel!&#8220;<\/p>\n<p>5.<br \/>\nZwei Hunde im Park. Sagt einer: &#8222;Ich hei\u00dfe &#8218;Arko vom Schlosshof&#8216;.<br \/>\nUnd du, bist du auch adelig?&#8220; &#8222;Ja, ich hei\u00dfe &#8218;Runter vom Sofa&#8216;!&#8220;<\/p>\n<p>6.<br \/>\nZwei Terrier beobachten vom Gehsteig aus den Verkehr auf der Stra\u00dfe. Da kommt ein Tandem vor\u00fcbergefahren, vorn eine Frau, hinten ein Mann.-<br \/>\n\u201cSiehst Du\u201d, entr\u00fcstet sich der eine Terrier. \u201cWenn wir so daherk\u00e4men, h\u00e4tte man uns bestimmt schon lange einen Eimer Wasser \u00fcber das Fell gesch\u00fcttet!\u201d.<\/p>\n<p>7.<br \/>\nFragt ein Dackel den anderen: &#8222;Hast Du zuf\u00e4llig ein B\u00e4umchen<br \/>\ngesehen?&#8220; &#8222;Ja, gleich um die Ecke.&#8220; Ein Schwanzwedeln: &#8222;Komm mein Freund, das muss begossen werden!&#8220;<\/p>\n<p>8.<br \/>\nL\u00e4\u00dft euer Hund einen Fremden an sich heran? &#8211; Na klar, wie sollte er sonst zubei\u00dfen k\u00f6nnen?!<\/p>\n<p>9.<br \/>\nMein Hund jagte immer Leute auf dem Fahrrad, bis ich ihm das Fahrrad wegnahm!<\/p>\n<p>10.<br \/>\nEine Horde junger Hunder\u00fcden hockt in der Fu\u00dfg\u00e4ngerzone und l\u00e4sst die Hundedamen Revue passieren.<br \/>\nEine frisch gewaschene und schrill auftoupierte Bobtail-H\u00fcndin tippelt vorbei. Bronco, der Spitz, pfeift ihr auf zwei Krallen nach. &#8222;Mensch, Jungs, schaut euch blo\u00df an, was die f\u00fcr eine Figur hat!&#8220;<br \/>\nDaraufhin sein Kumpel Waldi:&#8220;Von wegen!<br \/>\nIch hatte neulich das Vergn\u00fcgen und dann habe ich sie im Regen gesehen&#8230;&#8220;<\/p>\n<p>11.<br \/>\nKommt ein Mann in ein Casino.<br \/>\nSieht wie ein Hund mit seinem Herrchen pokert.<br \/>\nDer Mann geht hin und sagt: &#8222;Ihr Hund ist ja hoch Intelligent.&#8220;<br \/>\nDarauf der Besitzer: &#8222;Intelligent? Der ist strohdumm!&#8220;<br \/>\n&#8222;Wieso denn das? Das ist der erste Hund den ich beim Pokern sehe&#8220;<br \/>\nDarauf der Besitzer: Ja, aber jedes mal wenn er gute Karten hat,<br \/>\nf\u00e4ngt er an wie verr\u00fcckt mit dem Schwanz zu wedeln!!!&#8220;<\/p>\n<p>12.<br \/>\nSchild am U-Bahnhof: Auf der Rolltreppe m\u00fcssen Hunde getragen werden! St\u00f6hnt ein Passant: &#8222;O Gott, wo bekomme ich denn jetzt einen Hund her?&#8220;<\/p>\n<p>13.<br \/>\n&#8222;Der Michi wurde gestern von einem Hund gebissen.&#8220;<br \/>\n&#8222;Ist ihm was passiert?&#8220;<br \/>\n&#8222;Nee, dem Michi geht es gut, aber der der Hund hat eine Alkoholvergiftung.&#8220;<\/p>\n<p>14.<br \/>\nEin Kind kommt mit nassem Haar nach Haus.<br \/>\nFragt die Mutter: &#8222;Warum hast du so nasses Haar?&#8220;<br \/>\n&#8222;Wir haben mit dem Hund gespielt.&#8220;<br \/>\n&#8222;Aber davon bekommt man doch keine nasses Haar.&#8220;<br \/>\n&#8222;Aber ich war der Baum!&#8220;<\/p>\n<p>15.<br \/>\nZwei Hundehalter treffen sich auf der Stra\u00dfe.<br \/>\nMeint der eine: &#8222;Du hast aber einen starken Hund, was ist das denn f\u00fcr einer?&#8220;<br \/>\n&#8222;Tja, mein Bello ist ein Polizeihund.&#8220;<br \/>\n&#8222;Das sieht man ihm aber gar nicht an, da\u00df er bei der Polizei ist.&#8220;<br \/>\n&#8222;Er ist doch bei der Geheimpolizei&#8230;&#8220;<\/p>\n<p>16.<br \/>\nTina zu ihrer Freundin Moni: &#8222;Stell dir vor, dein Mann erz\u00e4hlt \u00fcberall rum, er f\u00fchre daheim ein Hundeleben!&#8220;<br \/>\n&#8222;Stimmt ja auch. Er kommt mit schmutzigen F\u00fc\u00dfen ins Haus, macht es sich vorm Ofen bequem und wartet auf&#8217;s Essen!&#8220;<\/p>\n<p>17.<br \/>\n&#8222;Wie geht&#8217;s denn Ihrem Mann, Frau Schmidt?&#8220;<br \/>\n&#8222;Gar nicht so gut, er kam von der Jagd v\u00f6llig n\u00fcchtern nach Hause.<br \/>\nDa hat ihn unser Jagdterrier nicht erkannt und gleich gebissen.&#8220;<\/p>\n<p>18.<br \/>\nDer Brieftr\u00e4ger traut sich nicht, die Gartent\u00fcre zu \u00f6ffnen, weil da ein Schild steht: \u201eVorsicht, Hund!&#8220;<br \/>\nEr klingelt und wartet an der T\u00fcrpforte. Da kommt eine Frau aus dem Haus und hinter ihr her ein winziges H\u00fcndchen.<br \/>\n&#8222;Wegen so einem Minihund ein Warnschild?&#8220; fragt der Brieftr\u00e4ger verwundert.<br \/>\nFrau: &#8222;Ist doch nur, damit niemand darauf tritt.&#8220;<\/p>\n<p>19.<br \/>\n&#8222;Unser Hund l\u00fcgt&#8220;, erz\u00e4hlt Meier seinem Freund.<br \/>\n&#8222;Ach was, Hunde k\u00f6nnen doch nicht l\u00fcgen!&#8220; &#8211; &#8222;Pass mal auf, ich kann es beweisen:<br \/>\nWaldi, wie macht die Katze?&#8220; &#8211; &#8222;Wau, wau, wau.&#8220; &#8211; &#8222;Siehst du?!&#8220;<\/p>\n<p>20.<br \/>\nEin Ehepaar sitzt im Gasthof am Tisch und speist.<br \/>\nVor dem Tisch sitzt der Hund der Gasthofbesitzer und schaut auf den Tisch und sabbert.<br \/>\nRuft der Mann: &#8222;Wirt, nimm mal Deinen Hund hier weg, der lungert.<br \/>\nRuft der Wirt:&#8220; Der lungert nicht, der wartet auf seine Teller.<\/p>\n<p>21.<br \/>\nZwei Hunde vom Land sind in der Stadt<br \/>\nund sehen das erste Mal eine Parkuhr.<br \/>\nFragt der Eine: ,,Was ist das denn?&#8220;<br \/>\nDaraufhin antwortet der Andere:<br \/>\n,,Die verlangen hier wohl Klogeb\u00fchren von uns!&#8220;<\/p>\n<p>22.<br \/>\nDer Hund eines Architekten, der eines Chemikers und der eines Filmregisseurs sitzen vor ihren Frolic-N\u00e4pfen.<br \/>\nDer Architektenhund baut daraus ein Geb\u00e4ude mit Haupthaus, Seitenfl\u00fcgeln und Garage. Dann frisst er alles auf.<br \/>\nDer Chemikerhund zerst\u00f6sst die Frolics mit einem M\u00f6rser, vermischt sie miteinander, l\u00f6st sie in diversen Fl\u00fcssigkeiten, erhitzt, filtriert und destilliert sie und frisst sie dann auf.<br \/>\nDer Filmregisseurshund pulverisiert die Frolics mit einer Rasierklinge, zieht sie sich durch einen zusammengerollten Hunderter in die Nase, poppt die beiden anderen Hunde und br\u00fcllt genervt: &#8222;ICH KANN SO NICHT ARBEITEN&#8230;&#8220;<\/p>\n<p>23.<br \/>\nDer Ehemann emp\u00f6rt sich: &#8222;Bei dem Sauwetter soll ich einkaufen gehen? Da jagt man ja keinen Hund auf die Stra\u00dfe!&#8220;<br \/>\nDarauf seine Frau: &#8222;Ich hab&#8216; auch nicht gesagt, dass du den Hund mitnehmen sollst!&#8220;<\/p>\n<p>24.<br \/>\nSie: &#8222;Mein Liebling, mein Sch\u00e4tzelchen, mein Schnuckiputzie &#8230;&#8220;<br \/>\nEr: &#8222;Ja, was ist denn, Liebes?&#8220;<br \/>\nSie: &#8222;Halt die Klappe, ich red\u2019 mit dem Hund!&#8220;<\/p>\n<p>25.<br \/>\nEin Fu\u00dfballspieler fragt den Schiedsrichter: &#8222;Haben Sie eigentlich einen Hund?&#8220;<br \/>\n&#8222;Nein&#8220;, antwortet der Schiedsrichter.<br \/>\n&#8222;Oh, das tut mir leid&#8220;, entgegnet der Spieler: &#8222;Blind &#8211; und keinen Hund.&#8220;<\/p>\n<p>26.<br \/>\nHarald macht Hausaufgaben. &#8222;Du Papa, wie schreibt man Sex? Mit x oder ks?&#8220; Papa: &#8222;Mit x.&#8220;<br \/>\nHarald : &#8222;Du Papa, schreibt man Sperma mit b oder mit p?\u201c Papa:&#8220;Mit p!\u201c<br \/>\n&#8222;Und wie schreibt man Vorhaut? Mit t oder d?&#8220; Papa: &#8222;Na sag mal, was schreibst du denn da f\u00fcr einen Aufsatz, und das mit 8 Jahren in der dritten Klasse?&#8220;<br \/>\nHarald : &#8222;Unser Lehrer hat gesagt wir sollen einen Aufsatz \u00fcber unseren Hund schreiben.&#8220; Papa: &#8222;So? Lies mir den doch mal vor.&#8220; Harald liest: &#8222;Unser Hund ist sex Jahre alt. Wenn wir mit dem Auto fahren, dann sperrma ihn hinten rein, damit es ihn beim Bremsen nicht vorhaut.&#8220;<\/p>\n<p>27.<br \/>\nIm Kino sitzt ein Mann, neben ihm sitzt sein Hund. Der Hund am\u00fcsiert sich k\u00f6stlich \u00fcber den Film und lacht und lacht. Nach Ende der Vorstellung spricht ein anderer Mann den Hundehalter an: &#8222;Also Ihr Hund ist ja unglaublich!&#8220; &#8222;Ich verstehe es auch nicht&#8220;, antwortet der Hundehalter, &#8222;das Buch hat ihm n\u00e4mlich \u00fcberhaupt nicht gefallen.&#8220;<\/p>\n<p>28.<br \/>\nTreffen sich zwei Hunde. Sagt der eine zum anderen: &#8222;Mein Herrchen ist so saubl\u00f6d! Jetzt bring ich ihm schon zum tausendsten Mal den Ball und er wirft ihn immer wieder weg.&#8220;<\/p>\n<p>29.<br \/>\nTrifft ein dicker Hund auf einen d\u00fcnnen Hund und sagt: &#8222;Wenn man dich so ansieht, k\u00f6nnte man denken, eine Hungersnot w\u00e4re ausgebrochen!&#8220; Darauf der D\u00fcnne: &#8222;Und wenn man dich so ansieht, k\u00f6nnte man denken, du seist schuld daran!&#8220;<\/p>\n<p>30.<br \/>\n&#8222;Ich habe den kl\u00fcgsten Hund weit und breit&#8220;, prahlt ein J\u00e4ger.<br \/>\n&#8222;Das ist nicht zu \u00fcbersehen&#8220;, entgegnet der Weidgenosse, &#8222;jedesmal wenn du in Schu\u00dfposition gehst, geht er in Deckung.&#8220;<\/p>\n<p>31.<br \/>\nEine wundersch\u00f6ne Frau sitzt mit einem Hund im Bus und streichelt ihm z\u00e4rtlich den Bauch. Ein Mann sieht das und sagt: &#8222;Ich w\u00fcrde gerne mit ihrem Hund tauschen!&#8220;<br \/>\nFrau: &#8222;Das glaub ich kaum. Ich fahre gerade mit ihm zum Tierarzt, um ihn kastrieren zu lassen!&#8220;<\/p>\n<p>32.<br \/>\nEin Mann kommt zu seiner Nachbarin und sagt: &#8222;Ihr Hund hat meine Schwiegermutter gebissen!&#8220;<br \/>\nFrau: &#8222;Und jetzt wollen sie mich verklagen?&#8220;<br \/>\nMann: &#8222;Nein! Ich will ihren Hund kaufen!&#8220;<\/p>\n<p>33.<br \/>\nEin Wolfshund und ein Ameisenb\u00e4r begegnen sich. Fragt der Ameisenb\u00e4r:<br \/>\n&#8222;Was bist du denn f\u00fcr ein Tier?&#8220;<br \/>\n&#8222;Ich bin ein Wolfshund. Mein Vater ist ein Wolf und meine Mutter ist ein Hund. Und du?&#8220;<br \/>\n&#8222;Ich bin ein Ameisenb\u00e4r.&#8220;<br \/>\n&#8222;Ach komm, das glaubst du doch selbst nicht!&#8220;<\/p>\n<p>34.<br \/>\nTimo trifft seinen besten Freund Lars beim Gassigehen. \u201eWoher hast du denn den Hund?\u201c, fragt Timo. \u201eDen hab ich zum Geburtstag bekommen,\u201c antwortet Lars. \u201eWillst du ihn jetzt gro\u00dfziehen?\u201c \u201eNein, er soll von alleine wachsen.\u201c<\/p>\n<p>35.<br \/>\n<span id=\"clipboard_interceptor\">Ein Mann kommt mit Hund in ein China-Restaurant. Der Kellner sagt: Das Mitbringen von Essen ist verboten.<\/span><\/p>\n<p>36.<br \/>\n&#8222;Hey, du siehst aber schlecht aus&#8220;, sagt ein Sch\u00e4ferhund zum anderen. &#8222;Ja ich wei\u00df. Ich habe immer diese Albtr\u00e4ume \u00fcber riesige Katzen.&#8220; &#8222;Dann musst Du zum Psychiater.&#8220; &#8222;Ich darf ja nicht auf die Couch.<\/p>\n<p>37.<br \/>\nEin Gast betritt eine Tiroler Hotelpension, ein kleiner Hund springt bellend an ihm rum. Der Gast fragt den alten Portier: &#8222;Bei\u00dft Ihr Hund?&#8220; &#8211; &#8222;Na, der bei\u00dft net.&#8220; Der Gast b\u00fcckt sich zum kleinen Hund, um ihn zu t\u00e4tscheln. Sofort verbei\u00dft sich der Hund in die Hand des Gastes. &#8222;Aber Sie haben doch gesagt, ihr Hund bei\u00dft nicht!&#8220; &#8211; &#8222;Des is net mei Hund&#8220;<\/p>\n<p>38.<br \/>\nZwei Polizisten laufen mit einem Hund Streife. Pl\u00f6tzlich hebt der eine den Schwanz des Hundes hoch. Der andere fragt: &#8222;Was machst du da?&#8220; Er antwortet: &#8222;Da hinten hat einer gerufen, dass hier ein Hund mit zwei Arschl\u00f6chern unterwegs ist. Scheint aber nicht unserer zu sein!&#8220;<\/p>\n<p>39.<br \/>\nDas Ehepaar sitzt beim Essen. Er schiebt dem Hund seinen Teller zu. \u201eAber Otto\u201c, meint sie vorwurfsvoll, \u201eDu willst doch wohl nicht Dein Essen dem Hund geben?!\u201c Er brummt m\u00fcrrisch: \u201eNein, nur tauschen!\u201c<\/p>\n<p>40.<br \/>\nWie nennt man einen Hund der zaubern kann? =&gt; Einen Labracadabrador!!<\/p>\n<p>41.<br \/>\nNeulich bei der Polizei-Kontrolle: Unser Polizeihund sagt mir, dass sie Drogen genommen haben. Ich? Drogen? Wer von uns redet denn hier mit einem Hund?<\/p>\n<p>&nbsp;<\/p>\n\n\n<p>Kennt ihr einen guten Hundewitz? \u200b\ud83e\udd14\u200b\ud83d\udcad\u200b\ud83d\ude02\u200b Dann schreibt ihn gerne in die Kommentare.<\/p>\n<div class=\"shariff shariff-align-flex-start shariff-widget-align-center\" data-services=\"facebook%7Cpinterest%7Creddit\" data-url=\"https%3A%2F%2Fhomepage-hund.de%2Fblog%2Fhundewitze%2F\" data-timestamp=\"1666431887\" data-backendurl=\"https:\/\/homepage-hund.de\/blog\/wp-json\/shariff\/v1\/share_counts?\"><ul class=\"shariff-buttons theme-round orientation-horizontal buttonsize-large\"><li class=\"shariff-button facebook\" style=\"background-color:#FF9900\"><a href=\"https:\/\/www.facebook.com\/sharer\/sharer.php?u=https%3A%2F%2Fhomepage-hund.de%2Fblog%2Fhundewitze%2F\" title=\"Bei Facebook teilen\" aria-label=\"Bei Facebook teilen\" role=\"button\" rel=\"nofollow\" class=\"shariff-link\" style=\"; background-color:#6666FF; color:#fff\" target=\"_blank\"><span class=\"shariff-icon\" style=\"\"><svg width=\"32px\" height=\"20px\" xmlns=\"http:\/\/www.w3.org\/2000\/svg\" viewBox=\"0 0 18 32\"><path fill=\"#3b5998\" d=\"M17.1 0.2v4.7h-2.8q-1.5 0-2.1 0.6t-0.5 1.9v3.4h5.2l-0.7 5.3h-4.5v13.6h-5.5v-13.6h-4.5v-5.3h4.5v-3.9q0-3.3 1.9-5.2t5-1.8q2.6 0 4.1 0.2z\"\/><\/svg><\/span><\/a><\/li><li class=\"shariff-button twitter\" style=\"background-color:#FF9900\"><a href=\"https:\/\/twitter.com\/share?url=https%3A%2F%2Fhomepage-hund.de%2Fblog%2Fhundewitze%2F&text=Hundewitze&via=Security_Hund\" title=\"Bei X teilen\" aria-label=\"Bei X teilen\" role=\"button\" rel=\"noopener nofollow\" class=\"shariff-link\" style=\"; background-color:#6666FF; color:#fff\" target=\"_blank\"><span class=\"shariff-icon\" style=\"\"><svg width=\"32px\" height=\"20px\" xmlns=\"http:\/\/www.w3.org\/2000\/svg\" viewBox=\"0 0 24 24\"><path fill=\"#000\" d=\"M14.258 10.152L23.176 0h-2.113l-7.747 8.813L7.133 0H0l9.352 13.328L0 23.973h2.113l8.176-9.309 6.531 9.309h7.133zm-2.895 3.293l-.949-1.328L2.875 1.56h3.246l6.086 8.523.945 1.328 7.91 11.078h-3.246zm0 0\"\/><\/svg><\/span><\/a><\/li><li class=\"shariff-button pinterest\" style=\"background-color:#FF9900\"><a href=\"https:\/\/www.pinterest.com\/pin\/create\/link\/?url=https%3A%2F%2Fhomepage-hund.de%2Fblog%2Fhundewitze%2F&media=https%3A%2F%2Fhomepage-hund.de%2Fblog%2Fwp-content%2Fuploads%2F2022%2F10%2FHundeblog_Tuer.png&description=Hundewitze\" title=\"Bei Pinterest pinnen\" aria-label=\"Bei Pinterest pinnen\" role=\"button\" rel=\"noopener nofollow\" class=\"shariff-link\" style=\"; background-color:#6666FF; color:#fff\" target=\"_blank\"><span class=\"shariff-icon\" style=\"\"><svg width=\"32px\" height=\"20px\" xmlns=\"http:\/\/www.w3.org\/2000\/svg\" viewBox=\"0 0 27 32\"><path fill=\"#cb2027\" d=\"M27.4 16q0 3.7-1.8 6.9t-5 5-6.9 1.9q-2 0-3.9-0.6 1.1-1.7 1.4-2.9 0.2-0.6 1-3.8 0.4 0.7 1.3 1.2t2 0.5q2.1 0 3.8-1.2t2.7-3.4 0.9-4.8q0-2-1.1-3.8t-3.1-2.9-4.5-1.2q-1.9 0-3.5 0.5t-2.8 1.4-2 2-1.2 2.3-0.4 2.4q0 1.9 0.7 3.3t2.1 2q0.5 0.2 0.7-0.4 0-0.1 0.1-0.5t0.2-0.5q0.1-0.4-0.2-0.8-0.9-1.1-0.9-2.7 0-2.7 1.9-4.6t4.9-2q2.7 0 4.2 1.5t1.5 3.8q0 3-1.2 5.2t-3.1 2.1q-1.1 0-1.7-0.8t-0.4-1.9q0.1-0.6 0.5-1.7t0.5-1.8 0.2-1.4q0-0.9-0.5-1.5t-1.4-0.6q-1.1 0-1.9 1t-0.8 2.6q0 1.3 0.4 2.2l-1.8 7.5q-0.3 1.2-0.2 3.2-3.7-1.6-6-5t-2.3-7.6q0-3.7 1.9-6.9t5-5 6.9-1.9 6.9 1.9 5 5 1.8 6.9z\"\/><\/svg><\/span><\/a><\/li><li class=\"shariff-button reddit\" style=\"background-color:#FF9900\"><a href=\"https:\/\/www.reddit.com\/submit?url=https%3A%2F%2Fhomepage-hund.de%2Fblog%2Fhundewitze%2F\" title=\"Bei Reddit teilen\" aria-label=\"Bei Reddit teilen\" role=\"button\" rel=\"noopener nofollow\" class=\"shariff-link\" style=\"; background-color:#6666FF; color:#fff\" target=\"_blank\"><span class=\"shariff-icon\" style=\"\"><svg xmlns=\"http:\/\/www.w3.org\/2000\/svg\" viewBox=\"0 0 512 512\"><path fill=\"#ff4500\" d=\"M440.3 203.5c-15 0-28.2 6.2-37.9 15.9-35.7-24.7-83.8-40.6-137.1-42.3L293 52.3l88.2 19.8c0 21.6 17.6 39.2 39.2 39.2 22 0 39.7-18.1 39.7-39.7s-17.6-39.7-39.7-39.7c-15.4 0-28.7 9.3-35.3 22l-97.4-21.6c-4.9-1.3-9.7 2.2-11 7.1L246.3 177c-52.9 2.2-100.5 18.1-136.3 42.8-9.7-10.1-23.4-16.3-38.4-16.3-55.6 0-73.8 74.6-22.9 100.1-1.8 7.9-2.6 16.3-2.6 24.7 0 83.8 94.4 151.7 210.3 151.7 116.4 0 210.8-67.9 210.8-151.7 0-8.4-.9-17.2-3.1-25.1 49.9-25.6 31.5-99.7-23.8-99.7zM129.4 308.9c0-22 17.6-39.7 39.7-39.7 21.6 0 39.2 17.6 39.2 39.7 0 21.6-17.6 39.2-39.2 39.2-22 .1-39.7-17.6-39.7-39.2zm214.3 93.5c-36.4 36.4-139.1 36.4-175.5 0-4-3.5-4-9.7 0-13.7 3.5-3.5 9.7-3.5 13.2 0 27.8 28.5 120 29 149 0 3.5-3.5 9.7-3.5 13.2 0 4.1 4 4.1 10.2.1 13.7zm-.8-54.2c-21.6 0-39.2-17.6-39.2-39.2 0-22 17.6-39.7 39.2-39.7 22 0 39.7 17.6 39.7 39.7-.1 21.5-17.7 39.2-39.7 39.2z\"\/><\/svg><\/span><\/a><\/li><li class=\"shariff-button telegram\" style=\"background-color:#FF9900\"><a href=\"https:\/\/telegram.me\/share\/url?url=https%3A%2F%2Fhomepage-hund.de%2Fblog%2Fhundewitze%2F&text=Hundewitze\" title=\"Bei Telegram teilen\" aria-label=\"Bei Telegram teilen\" role=\"button\" rel=\"noopener nofollow\" class=\"shariff-link\" style=\"; background-color:#6666FF; color:#fff\" target=\"_blank\"><span class=\"shariff-icon\" style=\"\"><svg width=\"32px\" height=\"20px\" xmlns=\"http:\/\/www.w3.org\/2000\/svg\" viewBox=\"0 0 32 32\"><path fill=\"#0088cc\" d=\"M30.8 6.5l-4.5 21.4c-.3 1.5-1.2 1.9-2.5 1.2L16.9 24l-3.3 3.2c-.4.4-.7.7-1.4.7l.5-7L25.5 9.2c.6-.5-.1-.8-.9-.3l-15.8 10L2 16.7c-1.5-.5-1.5-1.5.3-2.2L28.9 4.3c1.3-.5 2.3.3 1.9 2.2z\"\/><\/svg><\/span><\/a><\/li><li class=\"shariff-button whatsapp\" style=\"background-color:#FF9900\"><a href=\"https:\/\/api.whatsapp.com\/send?text=https%3A%2F%2Fhomepage-hund.de%2Fblog%2Fhundewitze%2F%20Hundewitze\" title=\"Bei Whatsapp teilen\" aria-label=\"Bei Whatsapp teilen\" role=\"button\" rel=\"noopener nofollow\" class=\"shariff-link\" style=\"; background-color:#6666FF; color:#fff\" target=\"_blank\"><span class=\"shariff-icon\" style=\"\"><svg width=\"32px\" height=\"20px\" xmlns=\"http:\/\/www.w3.org\/2000\/svg\" viewBox=\"0 0 32 32\"><path fill=\"#34af23\" d=\"M17.6 17.4q0.2 0 1.7 0.8t1.6 0.9q0 0.1 0 0.3 0 0.6-0.3 1.4-0.3 0.7-1.3 1.2t-1.8 0.5q-1 0-3.4-1.1-1.7-0.8-3-2.1t-2.6-3.3q-1.3-1.9-1.3-3.5v-0.1q0.1-1.6 1.3-2.8 0.4-0.4 0.9-0.4 0.1 0 0.3 0t0.3 0q0.3 0 0.5 0.1t0.3 0.5q0.1 0.4 0.6 1.6t0.4 1.3q0 0.4-0.6 1t-0.6 0.8q0 0.1 0.1 0.3 0.6 1.3 1.8 2.4 1 0.9 2.7 1.8 0.2 0.1 0.4 0.1 0.3 0 1-0.9t0.9-0.9zM14 26.9q2.3 0 4.3-0.9t3.6-2.4 2.4-3.6 0.9-4.3-0.9-4.3-2.4-3.6-3.6-2.4-4.3-0.9-4.3 0.9-3.6 2.4-2.4 3.6-0.9 4.3q0 3.6 2.1 6.6l-1.4 4.2 4.3-1.4q2.8 1.9 6.2 1.9zM14 2.2q2.7 0 5.2 1.1t4.3 2.9 2.9 4.3 1.1 5.2-1.1 5.2-2.9 4.3-4.3 2.9-5.2 1.1q-3.5 0-6.5-1.7l-7.4 2.4 2.4-7.2q-1.9-3.2-1.9-6.9 0-2.7 1.1-5.2t2.9-4.3 4.3-2.9 5.2-1.1z\"\/><\/svg><\/span><\/a><\/li><li class=\"shariff-button mailto\" style=\"background-color:#FF9900\"><a href=\"mailto:?body=https%3A%2F%2Fhomepage-hund.de%2Fblog%2Fhundewitze%2F&subject=Hundewitze\" title=\"Per E-Mail versenden\" aria-label=\"Per E-Mail versenden\" role=\"button\" rel=\"noopener nofollow\" class=\"shariff-link\" style=\"; background-color:#6666FF; color:#fff\"><span class=\"shariff-icon\" style=\"\"><svg width=\"32px\" height=\"20px\" xmlns=\"http:\/\/www.w3.org\/2000\/svg\" viewBox=\"0 0 32 32\"><path fill=\"#999\" d=\"M32 12.7v14.2q0 1.2-0.8 2t-2 0.9h-26.3q-1.2 0-2-0.9t-0.8-2v-14.2q0.8 0.9 1.8 1.6 6.5 4.4 8.9 6.1 1 0.8 1.6 1.2t1.7 0.9 2 0.4h0.1q0.9 0 2-0.4t1.7-0.9 1.6-1.2q3-2.2 8.9-6.1 1-0.7 1.8-1.6zM32 7.4q0 1.4-0.9 2.7t-2.2 2.2q-6.7 4.7-8.4 5.8-0.2 0.1-0.7 0.5t-1 0.7-0.9 0.6-1.1 0.5-0.9 0.2h-0.1q-0.4 0-0.9-0.2t-1.1-0.5-0.9-0.6-1-0.7-0.7-0.5q-1.6-1.1-4.7-3.2t-3.6-2.6q-1.1-0.7-2.1-2t-1-2.5q0-1.4 0.7-2.3t2.1-0.9h26.3q1.2 0 2 0.8t0.9 2z\"\/><\/svg><\/span><\/a><\/li><li class=\"shariff-button sms shariff-mobile\" style=\"background-color:#FF9900\"><a href=\"sms:?&body=https%3A%2F%2Fhomepage-hund.de%2Fblog%2Fhundewitze%2F\" title=\"Per SMS teilen\" aria-label=\"Per SMS teilen\" role=\"button\" rel=\"noopener nofollow\" class=\"shariff-link\" style=\"; background-color:#6666FF; color:#fff\" target=\"_blank\"><span class=\"shariff-icon\" style=\"\"><svg xmlns=\"http:\/\/www.w3.org\/2000\/svg\" width=\"510\" height=\"510\" viewBox=\"0 0 510 510\"><path fill=\"#a1e877\" d=\"M459 0H51C23 0 0 23 0 51v459l102-102h357c28.1 0 51-22.9 51-51V51C510 23 487.1 0 459 0zM178.5 229.5h-51v-51h51V229.5zM280.5 229.5h-51v-51h51V229.5zM382.5 229.5h-51v-51h51V229.5z\"\/><\/svg><\/span><\/a><\/li><\/ul><\/div>","protected":false},"excerpt":{"rendered":"<p>1. Du, Mama, schmeckt Dir das Bonbon?&#8220; Danke mein Schatz, das schmeckt mir sehr gut.&#8220; &#8222;Das ist aber komisch, der Hund hat es immer wieder ausgespuckt.&#8220; 2. Auf dem Spielplatz, fragt eine Mutter einen Mann mit Hund: &#8222;Mag Ihr Hund auch kleine Kinder?&#8220; Antwortet dieser: &#8222;Ja sicher! Aber ich gebe ihm trotzdem nur Fleisch vom Metzger.&#8220; 3. Das Telefon&nbsp; klingelt.<\/p>\n","protected":false},"author":2,"featured_media":0,"parent":0,"menu_order":1,"comment_status":"open","ping_status":"closed","template":"","meta":{"ngg_post_thumbnail":0,"footnotes":"","_links_to":"","_links_to_target":""},"class_list":["post-305","page","type-page","status-publish","hentry"],"_links":{"self":[{"href":"https:\/\/homepage-hund.de\/blog\/wp-json\/wp\/v2\/pages\/305","targetHints":{"allow":["GET"]}}],"collection":[{"href":"https:\/\/homepage-hund.de\/blog\/wp-json\/wp\/v2\/pages"}],"about":[{"href":"https:\/\/homepage-hund.de\/blog\/wp-json\/wp\/v2\/types\/page"}],"author":[{"embeddable":true,"href":"https:\/\/homepage-hund.de\/blog\/wp-json\/wp\/v2\/users\/2"}],"replies":[{"embeddable":true,"href":"https:\/\/homepage-hund.de\/blog\/wp-json\/wp\/v2\/comments?post=305"}],"version-history":[{"count":0,"href":"https:\/\/homepage-hund.de\/blog\/wp-json\/wp\/v2\/pages\/305\/revisions"}],"wp:attachment":[{"href":"https:\/\/homepage-hund.de\/blog\/wp-json\/wp\/v2\/media?parent=305"}],"curies":[{"name":"wp","href":"https:\/\/api.w.org\/{rel}","templated":true}]}}